{"id":60,"date":"2025-12-22T12:39:59","date_gmt":"2025-12-22T11:39:59","guid":{"rendered":"https:\/\/sottodavid.com\/?page_id=60"},"modified":"2025-12-24T12:35:35","modified_gmt":"2025-12-24T11:35:35","slug":"votre-aromatherapeute-a-troyes","status":"publish","type":"page","link":"https:\/\/sottodavid.com\/?page_id=60","title":{"rendered":"Votre aromath\u00e9rapeute \u00e0 Troyes"},"content":{"rendered":"\n<div class=\"wp-block-group alignwide has-background is-layout-flow wp-block-group-is-layout-flow\" style=\"border-style:none;border-width:0px;background-color:#a8bba8;padding-top:0;padding-right:var(--wp--preset--spacing--10);padding-bottom:0;padding-left:var(--wp--preset--spacing--10)\">\n<h1 class=\"wp-block-heading alignwide has-large-font-size\" style=\"line-height:1.2\">Je suis David Sotto. Je suis professionnel de l&rsquo;aromath\u00e9rapie depuis 2017 et utilisateur passionn\u00e9 depuis 2006. Je mets ma passion, mon \u00e9coute et mon savoir \u00e0 votre service pour vous accompagner et vous former. <\/h1>\n\n\n\n<p><br>J\u2019ai la chance d\u2019exercer un m\u00e9tier que j\u2019aime et cela se ressent dans ma fa\u00e7on d\u2019aborder les prises en charge et les formations.<\/p>\n\n\n\n<p>Je pourrais parler de mon exp\u00e9rience professionnelle pass\u00e9e en laboratoire de recherche en biologie humaine puis v\u00e9g\u00e9tale. Vous dire que celle-ci m\u2019a apport\u00e9 une belle connaissance du fonctionnement du corps humain et du domaine v\u00e9g\u00e9tal.<\/p>\n\n\n\n<p>Je pr\u00e9f\u00e8re plut\u00f4t d\u00e9velopper sur le pr\u00e9sent et l\u2019avenir.<\/p>\n\n\n\n<p>Le pr\u00e9sent c\u2019est vous aider \u00e0 retrouver ou conserver votre \u00e9quilibre, si vous en ressentez le besoin, avec le plaisir d\u2019utiliser les huiles essentielles. Pour moi, il est \u00e9galement important d\u2019avoir du respect pour la m\u00e9decine conventionnelle ( m\u00e9decins, praticiens param\u00e9dicaux, praticiens de la sant\u00e9 mentale). Agir sans empi\u00e9ter, agir sans bouleverser, agir avec s\u00e9r\u00e9nit\u00e9, efficacit\u00e9, humilit\u00e9, respect et p\u00e9rennit\u00e9. Une huile essentielle (HE) est un extrait v\u00e9g\u00e9tal puissant qui n\u00e9cessite de la maitrise ( bon voil\u00e0, je vous fait un cours, je ne peux pas m\u2019en emp\u00eacher \ud83d\ude00 ). Une HE a une action sur l\u2019organisme d\u2019un point de vue physique, exemple de l\u2019huile essentielle de lavande vraie qui a une action myorelaxante reconnue gr\u00e2ce \u00e0 une certaine cat\u00e9gorie de mol\u00e9cules, les esters. Elle a aussi une odeur, un parfum qui engendre des \u00e9motions. Elle peut plaire, d\u00e9plaire ou ni l\u2019un ni l\u2019autre. Ce cot\u00e9 odorant des HE est une valeur ajout\u00e9e naturellement par le v\u00e9g\u00e9tal dont l\u2019HE est extraite et permet une action aussi sur le plan \u00e9motionnel. C\u2019est un plus \u00e0 ne pas n\u00e9gliger.<\/p>\n\n\n\n<p>Le pr\u00e9sent c\u2019est aussi former avec clart\u00e9, simplicit\u00e9 et humilit\u00e9. Un savoir sans transmission est inutile, il perd sa valeur, il est st\u00e9rile et vou\u00e9 \u00e0 la perte. Se mettre \u00e0 la place de l\u2019apprenant est primordial c\u2019est une marque de respect et un gage d\u2019efficacit\u00e9. Sans apprenant, l\u2019enseignant n\u2019est rien. Rav \u2018Hanina dit : \u00ab J\u2019ai beaucoup appris de mes ma\u00eetres et encore plus de mes coll\u00e8gues, mais le plus que j\u2019ai appris, c\u2019est de mes \u00e9l\u00e8ves. \u00bb (Trait\u00e9 Taanit 7\/a)<\/p>\n\n\n\n<p>Le futur, c\u2019est utiliser les remises en questions continuelles, de ma pratique, de mes acquis, de l\u2019aromath\u00e9rapie, la d\u00e9couverte de nouvelles HE pour am\u00e9liorer la prise en charge des personnes qui sollicitent mon accompagnement.<\/p>\n\n\n\n<p>Le futur c\u2019est revoir ma technique d\u2019enseignement, revoir et retravailler les formations que je propose pour les rendre toujours plus fluides sans perdre du sens et du contenu. C\u2019est participer, dans la mesure de mes possibilit\u00e9s, au d\u00e9veloppement de l\u2019aromath\u00e9rapie scientifique de qualit\u00e9 avec l\u2019importance du cot\u00e9 humain.<\/p>\n\n\n\n<p>Au plaisir de faire ensemble, un bout de chemin vers cette aromath\u00e9rapie \ud83d\ude42<\/p>\n<\/div>\n\n\n\n<figure class=\"wp-block-image size-large\"><img loading=\"lazy\" decoding=\"async\" width=\"1024\" height=\"742\" src=\"https:\/\/sottodavid.com\/wp-content\/uploads\/2025\/12\/photo-pour-site-1024x742.jpg\" alt=\"\" class=\"wp-image-87\" srcset=\"https:\/\/sottodavid.com\/wp-content\/uploads\/2025\/12\/photo-pour-site-1024x742.jpg 1024w, https:\/\/sottodavid.com\/wp-content\/uploads\/2025\/12\/photo-pour-site-300x217.jpg 300w, https:\/\/sottodavid.com\/wp-content\/uploads\/2025\/12\/photo-pour-site-768x557.jpg 768w, https:\/\/sottodavid.com\/wp-content\/uploads\/2025\/12\/photo-pour-site-1536x1113.jpg 1536w, https:\/\/sottodavid.com\/wp-content\/uploads\/2025\/12\/photo-pour-site-2048x1484.jpg 2048w\" sizes=\"auto, (max-width: 1024px) 100vw, 1024px\" \/><\/figure>\n","protected":false},"excerpt":{"rendered":"<p>Je suis David Sotto. Je suis professionnel de l&rsquo;aromath\u00e9rapie depuis 2017 et utilisateur passionn\u00e9 depuis 2006. Je mets ma passion, mon \u00e9coute et mon savoir \u00e0 votre service pour vous accompagner et vous former. J\u2019ai la chance d\u2019exercer un m\u00e9tier que j\u2019aime et cela se ressent dans ma fa\u00e7on d\u2019aborder les prises en charge et [&hellip;]<\/p>\n","protected":false},"author":1,"featured_media":0,"parent":0,"menu_order":0,"comment_status":"closed","ping_status":"closed","template":"","meta":{"footnotes":""},"class_list":["post-60","page","type-page","status-publish","hentry"],"_links":{"self":[{"href":"https:\/\/sottodavid.com\/index.php?rest_route=\/wp\/v2\/pages\/60","targetHints":{"allow":["GET"]}}],"collection":[{"href":"https:\/\/sottodavid.com\/index.php?rest_route=\/wp\/v2\/pages"}],"about":[{"href":"https:\/\/sottodavid.com\/index.php?rest_route=\/wp\/v2\/types\/page"}],"author":[{"embeddable":true,"href":"https:\/\/sottodavid.com\/index.php?rest_route=\/wp\/v2\/users\/1"}],"replies":[{"embeddable":true,"href":"https:\/\/sottodavid.com\/index.php?rest_route=%2Fwp%2Fv2%2Fcomments&post=60"}],"version-history":[{"count":13,"href":"https:\/\/sottodavid.com\/index.php?rest_route=\/wp\/v2\/pages\/60\/revisions"}],"predecessor-version":[{"id":88,"href":"https:\/\/sottodavid.com\/index.php?rest_route=\/wp\/v2\/pages\/60\/revisions\/88"}],"wp:attachment":[{"href":"https:\/\/sottodavid.com\/index.php?rest_route=%2Fwp%2Fv2%2Fmedia&parent=60"}],"curies":[{"name":"wp","href":"https:\/\/api.w.org\/{rel}","templated":true}]}}