{"id":95,"date":"2025-12-25T19:12:41","date_gmt":"2025-12-25T18:12:41","guid":{"rendered":"https:\/\/sottodavid.com\/?page_id=95"},"modified":"2025-12-25T19:49:27","modified_gmt":"2025-12-25T18:49:27","slug":"consultation-conseil-en-aromatherapie-a-troyes-et-a-distance","status":"publish","type":"page","link":"https:\/\/sottodavid.com\/?page_id=95","title":{"rendered":"Consultation conseil en aromath\u00e9rapie \u00e0 Troyes et \u00e0 distance"},"content":{"rendered":"\n<div class=\"wp-block-group alignfull has-global-padding is-layout-constrained wp-container-core-group-is-layout-f611be13 wp-block-group-is-layout-constrained\" style=\"padding-top:var(--wp--preset--spacing--50);padding-right:var(--wp--preset--spacing--50);padding-bottom:var(--wp--preset--spacing--50);padding-left:var(--wp--preset--spacing--50)\">\n<div class=\"wp-block-group has-global-padding is-layout-constrained wp-container-core-group-is-layout-650790e1 wp-block-group-is-layout-constrained\">\n<h1 class=\"wp-block-heading has-text-align-center has-x-large-font-size\">Retrouver et conserver votre \u00e9quilibre avec les huiles essentielles<\/h1>\n\n\n\n<div style=\"height:1.25rem\" aria-hidden=\"true\" class=\"wp-block-spacer\"><\/div>\n\n\n\n<p class=\"has-text-align-center\">La puissance des huiles essentielles, la finesse de leur parfum, mon \u00e9coute et mon expertise d\u00e9vou\u00e9es \u00e0 votre bien-\u00eatre <\/p>\n\n\n\n<div style=\"height:1.25rem\" aria-hidden=\"true\" class=\"wp-block-spacer\"><\/div>\n<\/div>\n\n\n\n<div style=\"height:0px;width:0px\" aria-hidden=\"true\" class=\"wp-block-spacer\"><\/div>\n<\/div>\n\n\n\n<div class=\"wp-block-group alignfull has-accent-4-background-color has-background has-global-padding is-layout-constrained wp-container-core-group-is-layout-669513ed wp-block-group-is-layout-constrained\" style=\"margin-top:0;margin-bottom:0;padding-top:var(--wp--preset--spacing--50);padding-right:var(--wp--preset--spacing--50);padding-bottom:var(--wp--preset--spacing--50);padding-left:var(--wp--preset--spacing--50)\">\n<div class=\"wp-block-group is-vertical is-content-justification-center is-layout-flex wp-container-core-group-is-layout-52b864f0 wp-block-group-is-layout-flex\">\n<h2 class=\"wp-block-heading has-text-align-center is-style-asterisk\">Mes conseils en aromath\u00e9rapie:<\/h2>\n<\/div>\n\n\n\n<div style=\"margin-top:0;margin-bottom:0;height:var(--wp--preset--spacing--40)\" aria-hidden=\"true\" class=\"wp-block-spacer\"><\/div>\n\n\n\n<div class=\"wp-block-columns alignwide is-layout-flex wp-container-core-columns-is-layout-d0bbbce0 wp-block-columns-is-layout-flex\">\n<div class=\"wp-block-column is-layout-flow wp-container-core-column-is-layout-e3d1c41b wp-block-column-is-layout-flow\">\n<h3 class=\"wp-block-heading has-text-align-left is-style-asterisk has-body-font-family has-medium-font-size\" style=\"font-style:normal;font-weight:600\">Vous avez des huiles essentielles chez vous et vous \u00eates perdu avec toutes les informations et contre informations que vous lisez ? Je vous aide !  Avec un conseil en aromath\u00e9rapie \u00e0 distance par zoom pour savoir comment utiliser vos huiles essentielles pour votre bien-\u00eatre<\/h3>\n\n\n\n<p class=\"has-text-align-left\">D\u00e9couvrez comment vous pouvez utiliser les huiles essentielles que vous avez chez vous. <\/p>\n\n\n\n<p>Je vous apprends les indications et contre-indications des huiles essentielles et huiles v\u00e9g\u00e9tales que vous poss\u00e9dez et comment les utiliser au quotidien en toute s\u00e9curit\u00e9. Enfant, grossesse, allaitement, traitement en cours&#8230;<\/p>\n\n\n\n<p> Prix 35 \u20ac ( max 1h30 de conseil)<\/p>\n<\/div>\n\n\n\n<div class=\"wp-block-column is-layout-flow wp-container-core-column-is-layout-e3d1c41b wp-block-column-is-layout-flow\">\n<h3 class=\"wp-block-heading has-text-align-left is-style-asterisk has-body-font-family has-medium-font-size\" style=\"font-style:normal;font-weight:600\">Besoin de retrouvez votre bien-\u00eatre ? Je vous aide avec un conseil en aromath\u00e9rapie \u00e0 domicile \u00e0 Troyes et ses environs <\/h3>\n\n\n\n<p>Avec le cot\u00e9 pratique et confortable pour vous d&rsquo;un conseil \u00e0 domicile, je prends soin de vous avec une aromath\u00e9rapie scientifique et humaine. Ma ma\u00eetrise, mon exp\u00e9rience \u00e0 votre \u00e9coute pour vous faire retrouver votre bien-\u00eatre physique et \u00e9motionnel. Une huile essentielle (HE) avec ses mol\u00e9cules bioactives vont agir sur le plan physique et aussi sur le plan \u00e9motionnel gr\u00e2ce \u00e0 son parfum. C&rsquo;est une prise en charge compl\u00e8te. L&rsquo;\u00e9change dure g\u00e9n\u00e9ralement 2 heures, je prends le temps de savoir qui vous \u00eates en plus de votre probl\u00e9matique. Un point important je ne conseil que des HE qui vous plaisent.<\/p>\n\n\n\n<p>Prix 90\u20ac  pour deux heures de conseil<\/p>\n\n\n\n<p>Hors Troyes agglom\u00e9ration +10\u20ac de d\u00e9placement<\/p>\n\n\n\n<p class=\"has-text-align-left\"><\/p>\n<\/div>\n<\/div>\n\n\n\n<div style=\"height:var(--wp--preset--spacing--20)\" aria-hidden=\"true\" class=\"wp-block-spacer\"><\/div>\n<\/div>\n\n\n\n<div class=\"wp-block-group alignfull has-global-padding is-layout-constrained wp-container-core-group-is-layout-d89aad35 wp-block-group-is-layout-constrained\" style=\"margin-top:0;margin-bottom:0;padding-top:var(--wp--preset--spacing--50);padding-right:var(--wp--preset--spacing--50);padding-bottom:var(--wp--preset--spacing--50);padding-left:var(--wp--preset--spacing--50)\">\n<p class=\"has-text-align-center has-large-font-size\"><strong>Avertissement important<\/strong><\/p>\n\n\n\n<p>Mes conseils ne sont pas un acte de consultation m\u00e9dicale, je ne fais pas de diagnostic m\u00e9dicale, ni examen, ni interpr\u00e9tation de documents m\u00e9dicaux. Ne pas modifier ou arr\u00eater un traitement m\u00e9dical, une psychoth\u00e9rapie ou autre th\u00e9rapie sans l&rsquo;aval du m\u00e9decin ou autre professionnel de sant\u00e9 qui vous suis.<\/p>\n\n\n\n<p>Je ne conseille aucune HE qui risquerait d&rsquo;interf\u00e9rer sur un traitement en cours.<\/p>\n\n\n\n<p>C&rsquo;est avec le respect de le m\u00e9decine et des professions param\u00e9dicales que nous sommes vous et moi des acteurs d&rsquo;une aromath\u00e9rapie efficace humble et s\u00e9curitaire.<\/p>\n<\/div>\n","protected":false},"excerpt":{"rendered":"<p>Retrouver et conserver votre \u00e9quilibre avec les huiles essentielles La puissance des huiles essentielles, la finesse de leur parfum, mon \u00e9coute et mon expertise d\u00e9vou\u00e9es \u00e0 votre bien-\u00eatre Mes conseils en aromath\u00e9rapie: Vous avez des huiles essentielles chez vous et vous \u00eates perdu avec toutes les informations et contre informations que vous lisez ? Je [&hellip;]<\/p>\n","protected":false},"author":1,"featured_media":0,"parent":0,"menu_order":0,"comment_status":"closed","ping_status":"closed","template":"","meta":{"footnotes":""},"class_list":["post-95","page","type-page","status-publish","hentry"],"_links":{"self":[{"href":"https:\/\/sottodavid.com\/index.php?rest_route=\/wp\/v2\/pages\/95","targetHints":{"allow":["GET"]}}],"collection":[{"href":"https:\/\/sottodavid.com\/index.php?rest_route=\/wp\/v2\/pages"}],"about":[{"href":"https:\/\/sottodavid.com\/index.php?rest_route=\/wp\/v2\/types\/page"}],"author":[{"embeddable":true,"href":"https:\/\/sottodavid.com\/index.php?rest_route=\/wp\/v2\/users\/1"}],"replies":[{"embeddable":true,"href":"https:\/\/sottodavid.com\/index.php?rest_route=%2Fwp%2Fv2%2Fcomments&post=95"}],"version-history":[{"count":11,"href":"https:\/\/sottodavid.com\/index.php?rest_route=\/wp\/v2\/pages\/95\/revisions"}],"predecessor-version":[{"id":100,"href":"https:\/\/sottodavid.com\/index.php?rest_route=\/wp\/v2\/pages\/95\/revisions\/100"}],"wp:attachment":[{"href":"https:\/\/sottodavid.com\/index.php?rest_route=%2Fwp%2Fv2%2Fmedia&parent=95"}],"curies":[{"name":"wp","href":"https:\/\/api.w.org\/{rel}","templated":true}]}}